{"id":146,"date":"2024-01-07T21:55:05","date_gmt":"2024-01-07T21:55:05","guid":{"rendered":"https:\/\/ajanossavoz.pt\/?page_id=146"},"modified":"2024-09-24T21:53:47","modified_gmt":"2024-09-24T21:53:47","slug":"associa-te","status":"publish","type":"page","link":"https:\/\/ajanossavoz.pt\/index.php\/associa-te\/","title":{"rendered":"APOIA ESTA CAUSA"},"content":{"rendered":"\n<div class=\"wp-block-cover alignfull is-light\" style=\"min-height:254px;aspect-ratio:unset;\"><span aria-hidden=\"true\" class=\"wp-block-cover__background has-background-dim\" style=\"background-color:#9b9590\"><\/span><div class=\"wp-block-cover__inner-container is-layout-constrained wp-block-cover-is-layout-constrained\">\n<p class=\"has-text-align-center has-white-color has-text-color has-link-color has-large-font-size wp-elements-d6590ef48ffd4eefc19a56401da8b20b\"><strong>APOIA ESTA CAUSA<\/strong><\/p>\n<\/div><\/div>\n\n\n\n<p><\/p>\n\n\n\n<h2 class=\"wp-block-heading alignwide has-text-align-center\">Faz uma doa\u00e7\u00e3o<\/h2>\n\n\n\n<p class=\"has-text-align-center\">Queres nos ajudar, mas n\u00e3o tens disponibilidade de hor\u00e1rio para ser volunt\u00e1rio, ou n\u00e3o queres o compromisso de seres s\u00f3cio. Podes nos ajudar atrav\u00e9s de doa\u00e7\u00f5es (envia-nos um email com os teus dados para se proceder ao recibo de doa\u00e7\u00e3o), atrav\u00e9s de 2 formas:<\/p>\n\n\n\n<div class=\"wp-block-columns is-layout-flex wp-container-core-columns-is-layout-9d6595d7 wp-block-columns-is-layout-flex\">\n<div class=\"wp-block-column is-layout-flow wp-block-column-is-layout-flow\">\n<h2 class=\"wp-block-heading alignwide has-text-align-center has-large-font-size\">Transfer\u00eancia<\/h2>\n\n\n\n<p class=\"has-text-align-center\">Banco: Cr\u00e9dito Agr\u00edcola                                      PT50 0045 6422 4036 9765 4872 3<\/p>\n<\/div>\n\n\n\n<div class=\"wp-block-column is-layout-flow wp-block-column-is-layout-flow\">\n<h2 class=\"wp-block-heading alignwide has-text-align-center has-large-font-size\">Presencialmente<\/h2>\n\n\n\n<p class=\"has-text-align-center\">Rua Jos\u00e9 Relvas, lote 640, 2975-325 Quinta do Conde<\/p>\n<\/div>\n<\/div>\n\n\n\n<p><\/p>\n\n\n\n<h2 class=\"wp-block-heading has-text-align-center\">  Torna-te S\u00f3cio<\/h2>\n\n\n\n<p class=\"has-text-align-center\">Sendo s\u00f3cio poder\u00e1s ser parte da equipa de organiza\u00e7\u00e3o das iniciativas da Associa\u00e7\u00e3o.<\/p>\n\n\n\n<ul class=\"wp-block-list\">\n<li>J\u00f3ia de inscri\u00e7\u00e3o &#8211; 5\u20ac<\/li>\n\n\n\n<li>Quotas &#8211; 1\u20ac\/ m\u00eas<\/li>\n<\/ul>\n\n\n\n<p class=\"has-text-align-center\">Podes fazer-te s\u00f3cio preenchendo esta ficha:<\/p>\n\n\n\n<div class=\"wp-block-buttons is-content-justification-center is-layout-flex wp-container-core-buttons-is-layout-16018d1d wp-block-buttons-is-layout-flex\">\n<div class=\"wp-block-button\"><a class=\"wp-block-button__link has-luminous-vivid-amber-background-color has-background wp-element-button\" href=\"https:\/\/docs.google.com\/forms\/d\/e\/1FAIpQLSconA2-MlS8m_y42gqtUU5Cocsjh2ZHF1prhg8fuVwnppsnFg\/viewform?usp=sf_link\" style=\"border-radius:0px\" target=\"_blank\" rel=\"noreferrer noopener\">Ficha de S\u00f3cio<\/a><\/div>\n<\/div>\n\n\n\n<p><\/p>\n\n\n\n<h2 class=\"wp-block-heading has-text-align-center\">Torna-te volunt\u00e1rio<\/h2>\n\n\n\n<p class=\"has-text-align-center\">Queres juntar-te a esta equipa e fazer projetos para e com jovens? Inscreve-te como volunt\u00e1rio e ajudamos a fazer mais e melhores projetos!<\/p>\n\n\n\n<div class=\"wp-block-buttons is-content-justification-center is-layout-flex wp-container-core-buttons-is-layout-16018d1d wp-block-buttons-is-layout-flex\">\n<div class=\"wp-block-button\"><a class=\"wp-block-button__link has-luminous-vivid-amber-background-color has-background wp-element-button\" href=\"https:\/\/forms.gle\/5avVdN7jTuaMmJTt6\" style=\"border-radius:0px\">Ficha de Volunt\u00e1rio<\/a><\/div>\n<\/div>\n\n\n\n<p><\/p>\n","protected":false},"excerpt":{"rendered":"<p>Faz uma doa\u00e7\u00e3o Queres nos ajudar, mas n\u00e3o tens disponibilidade de hor\u00e1rio para ser volunt\u00e1rio, ou n\u00e3o queres o compromisso de seres s\u00f3cio. Podes nos ajudar atrav\u00e9s de doa\u00e7\u00f5es (envia-nos um email com os teus dados para se proceder ao recibo de doa\u00e7\u00e3o), atrav\u00e9s de 2 formas: Transfer\u00eancia Banco: Cr\u00e9dito Agr\u00edcola PT50 0045 6422 4036 [&hellip;]<\/p>\n","protected":false},"author":1,"featured_media":0,"parent":0,"menu_order":0,"comment_status":"closed","ping_status":"closed","template":"essential-blocks-fullwidth-template.php","meta":{"_bbp_topic_count":0,"_bbp_reply_count":0,"_bbp_total_topic_count":0,"_bbp_total_reply_count":0,"_bbp_voice_count":0,"_bbp_anonymous_reply_count":0,"_bbp_topic_count_hidden":0,"_bbp_reply_count_hidden":0,"_bbp_forum_subforum_count":0,"_editorskit_title_hidden":false,"_editorskit_reading_time":0,"_editorskit_is_block_options_detached":false,"_editorskit_block_options_position":"{}","_eb_attr":"","footnotes":""},"class_list":["post-146","page","type-page","status-publish","hentry"],"yoast_head":"<!-- This site is optimized with the Yoast SEO plugin v26.6 - https:\/\/yoast.com\/wordpress\/plugins\/seo\/ -->\n<title>APOIA ESTA CAUSA - Associa\u00e7\u00e3o Juvenil A Nossa Voz<\/title>\n<meta name=\"robots\" content=\"index, follow, max-snippet:-1, max-image-preview:large, max-video-preview:-1\" \/>\n<link rel=\"canonical\" href=\"https:\/\/ajanossavoz.pt\/index.php\/associa-te\/\" \/>\n<meta property=\"og:locale\" content=\"pt_PT\" \/>\n<meta property=\"og:type\" content=\"article\" \/>\n<meta property=\"og:title\" content=\"APOIA ESTA CAUSA - Associa\u00e7\u00e3o Juvenil A Nossa Voz\" \/>\n<meta property=\"og:description\" content=\"Faz uma doa\u00e7\u00e3o Queres nos ajudar, mas n\u00e3o tens disponibilidade de hor\u00e1rio para ser volunt\u00e1rio, ou n\u00e3o queres o compromisso de seres s\u00f3cio. Podes nos ajudar atrav\u00e9s de doa\u00e7\u00f5es (envia-nos um email com os teus dados para se proceder ao recibo de doa\u00e7\u00e3o), atrav\u00e9s de 2 formas: Transfer\u00eancia Banco: Cr\u00e9dito Agr\u00edcola PT50 0045 6422 4036 [&hellip;]\" \/>\n<meta property=\"og:url\" content=\"https:\/\/ajanossavoz.pt\/index.php\/associa-te\/\" \/>\n<meta property=\"og:site_name\" content=\"Associa\u00e7\u00e3o Juvenil A Nossa Voz\" \/>\n<meta property=\"article:publisher\" content=\"https:\/\/www.facebook.com\/profile.php?id=100089819282874\" \/>\n<meta property=\"article:modified_time\" content=\"2024-09-24T21:53:47+00:00\" \/>\n<meta property=\"og:image\" content=\"https:\/\/ajanossavoz.pt\/wp-content\/uploads\/2024\/01\/WhatsApp-Image-2023-12-29-at-11.27.57-2.jpeg\" \/>\n\t<meta property=\"og:image:width\" content=\"1080\" \/>\n\t<meta property=\"og:image:height\" content=\"1071\" \/>\n\t<meta property=\"og:image:type\" content=\"image\/jpeg\" \/>\n<meta name=\"twitter:card\" content=\"summary_large_image\" \/>\n<meta name=\"twitter:label1\" content=\"Tempo estimado de leitura\" \/>\n\t<meta name=\"twitter:data1\" content=\"1 minuto\" \/>\n<script type=\"application\/ld+json\" class=\"yoast-schema-graph\">{\"@context\":\"https:\/\/schema.org\",\"@graph\":[{\"@type\":\"WebPage\",\"@id\":\"https:\/\/ajanossavoz.pt\/index.php\/associa-te\/\",\"url\":\"https:\/\/ajanossavoz.pt\/index.php\/associa-te\/\",\"name\":\"APOIA ESTA CAUSA - Associa\u00e7\u00e3o Juvenil A Nossa Voz\",\"isPartOf\":{\"@id\":\"https:\/\/ajanossavoz.pt\/#website\"},\"datePublished\":\"2024-01-07T21:55:05+00:00\",\"dateModified\":\"2024-09-24T21:53:47+00:00\",\"breadcrumb\":{\"@id\":\"https:\/\/ajanossavoz.pt\/index.php\/associa-te\/#breadcrumb\"},\"inLanguage\":\"pt-PT\",\"potentialAction\":[{\"@type\":\"ReadAction\",\"target\":[\"https:\/\/ajanossavoz.pt\/index.php\/associa-te\/\"]}]},{\"@type\":\"BreadcrumbList\",\"@id\":\"https:\/\/ajanossavoz.pt\/index.php\/associa-te\/#breadcrumb\",\"itemListElement\":[{\"@type\":\"ListItem\",\"position\":1,\"name\":\"In\u00edcio\",\"item\":\"https:\/\/ajanossavoz.pt\/\"},{\"@type\":\"ListItem\",\"position\":2,\"name\":\"APOIA ESTA CAUSA\"}]},{\"@type\":\"WebSite\",\"@id\":\"https:\/\/ajanossavoz.pt\/#website\",\"url\":\"https:\/\/ajanossavoz.pt\/\",\"name\":\"Associa\u00e7\u00e3o Juvenil A Nossa Voz\",\"description\":\"Sobre n\u00f3s: Somos uma associa\u00e7\u00e3o juvenil, sediada na Quinta do Conde, fundada a 26 de dezembro de 2022. O nosso objetivo \u00e9 que os jovens participem na comunidade.\",\"publisher\":{\"@id\":\"https:\/\/ajanossavoz.pt\/#organization\"},\"alternateName\":\"A Nossa Voz\",\"potentialAction\":[{\"@type\":\"SearchAction\",\"target\":{\"@type\":\"EntryPoint\",\"urlTemplate\":\"https:\/\/ajanossavoz.pt\/?s={search_term_string}\"},\"query-input\":{\"@type\":\"PropertyValueSpecification\",\"valueRequired\":true,\"valueName\":\"search_term_string\"}}],\"inLanguage\":\"pt-PT\"},{\"@type\":\"Organization\",\"@id\":\"https:\/\/ajanossavoz.pt\/#organization\",\"name\":\"Associa\u00e7\u00e3o Juvenil A Nossa Voz\",\"alternateName\":\"A Nossa Voz\",\"url\":\"https:\/\/ajanossavoz.pt\/\",\"logo\":{\"@type\":\"ImageObject\",\"inLanguage\":\"pt-PT\",\"@id\":\"https:\/\/ajanossavoz.pt\/#\/schema\/logo\/image\/\",\"url\":\"https:\/\/ajanossavoz.pt\/wp-content\/uploads\/2024\/01\/cropped-A-Nossa-Voz-2-1-1.png\",\"contentUrl\":\"https:\/\/ajanossavoz.pt\/wp-content\/uploads\/2024\/01\/cropped-A-Nossa-Voz-2-1-1.png\",\"width\":499,\"height\":479,\"caption\":\"Associa\u00e7\u00e3o Juvenil A Nossa Voz\"},\"image\":{\"@id\":\"https:\/\/ajanossavoz.pt\/#\/schema\/logo\/image\/\"},\"sameAs\":[\"https:\/\/www.facebook.com\/profile.php?id=100089819282874\",\"https:\/\/www.instagram.com\/aj.anossavoz\/\"]}]}<\/script>\n<!-- \/ Yoast SEO plugin. -->","yoast_head_json":{"title":"APOIA ESTA CAUSA - Associa\u00e7\u00e3o Juvenil A Nossa Voz","robots":{"index":"index","follow":"follow","max-snippet":"max-snippet:-1","max-image-preview":"max-image-preview:large","max-video-preview":"max-video-preview:-1"},"canonical":"https:\/\/ajanossavoz.pt\/index.php\/associa-te\/","og_locale":"pt_PT","og_type":"article","og_title":"APOIA ESTA CAUSA - Associa\u00e7\u00e3o Juvenil A Nossa Voz","og_description":"Faz uma doa\u00e7\u00e3o Queres nos ajudar, mas n\u00e3o tens disponibilidade de hor\u00e1rio para ser volunt\u00e1rio, ou n\u00e3o queres o compromisso de seres s\u00f3cio. Podes nos ajudar atrav\u00e9s de doa\u00e7\u00f5es (envia-nos um email com os teus dados para se proceder ao recibo de doa\u00e7\u00e3o), atrav\u00e9s de 2 formas: Transfer\u00eancia Banco: Cr\u00e9dito Agr\u00edcola PT50 0045 6422 4036 [&hellip;]","og_url":"https:\/\/ajanossavoz.pt\/index.php\/associa-te\/","og_site_name":"Associa\u00e7\u00e3o Juvenil A Nossa Voz","article_publisher":"https:\/\/www.facebook.com\/profile.php?id=100089819282874","article_modified_time":"2024-09-24T21:53:47+00:00","og_image":[{"width":1080,"height":1071,"url":"https:\/\/ajanossavoz.pt\/wp-content\/uploads\/2024\/01\/WhatsApp-Image-2023-12-29-at-11.27.57-2.jpeg","type":"image\/jpeg"}],"twitter_card":"summary_large_image","twitter_misc":{"Tempo estimado de leitura":"1 minuto"},"schema":{"@context":"https:\/\/schema.org","@graph":[{"@type":"WebPage","@id":"https:\/\/ajanossavoz.pt\/index.php\/associa-te\/","url":"https:\/\/ajanossavoz.pt\/index.php\/associa-te\/","name":"APOIA ESTA CAUSA - Associa\u00e7\u00e3o Juvenil A Nossa Voz","isPartOf":{"@id":"https:\/\/ajanossavoz.pt\/#website"},"datePublished":"2024-01-07T21:55:05+00:00","dateModified":"2024-09-24T21:53:47+00:00","breadcrumb":{"@id":"https:\/\/ajanossavoz.pt\/index.php\/associa-te\/#breadcrumb"},"inLanguage":"pt-PT","potentialAction":[{"@type":"ReadAction","target":["https:\/\/ajanossavoz.pt\/index.php\/associa-te\/"]}]},{"@type":"BreadcrumbList","@id":"https:\/\/ajanossavoz.pt\/index.php\/associa-te\/#breadcrumb","itemListElement":[{"@type":"ListItem","position":1,"name":"In\u00edcio","item":"https:\/\/ajanossavoz.pt\/"},{"@type":"ListItem","position":2,"name":"APOIA ESTA CAUSA"}]},{"@type":"WebSite","@id":"https:\/\/ajanossavoz.pt\/#website","url":"https:\/\/ajanossavoz.pt\/","name":"Associa\u00e7\u00e3o Juvenil A Nossa Voz","description":"Sobre n\u00f3s: Somos uma associa\u00e7\u00e3o juvenil, sediada na Quinta do Conde, fundada a 26 de dezembro de 2022. O nosso objetivo \u00e9 que os jovens participem na comunidade.","publisher":{"@id":"https:\/\/ajanossavoz.pt\/#organization"},"alternateName":"A Nossa Voz","potentialAction":[{"@type":"SearchAction","target":{"@type":"EntryPoint","urlTemplate":"https:\/\/ajanossavoz.pt\/?s={search_term_string}"},"query-input":{"@type":"PropertyValueSpecification","valueRequired":true,"valueName":"search_term_string"}}],"inLanguage":"pt-PT"},{"@type":"Organization","@id":"https:\/\/ajanossavoz.pt\/#organization","name":"Associa\u00e7\u00e3o Juvenil A Nossa Voz","alternateName":"A Nossa Voz","url":"https:\/\/ajanossavoz.pt\/","logo":{"@type":"ImageObject","inLanguage":"pt-PT","@id":"https:\/\/ajanossavoz.pt\/#\/schema\/logo\/image\/","url":"https:\/\/ajanossavoz.pt\/wp-content\/uploads\/2024\/01\/cropped-A-Nossa-Voz-2-1-1.png","contentUrl":"https:\/\/ajanossavoz.pt\/wp-content\/uploads\/2024\/01\/cropped-A-Nossa-Voz-2-1-1.png","width":499,"height":479,"caption":"Associa\u00e7\u00e3o Juvenil A Nossa Voz"},"image":{"@id":"https:\/\/ajanossavoz.pt\/#\/schema\/logo\/image\/"},"sameAs":["https:\/\/www.facebook.com\/profile.php?id=100089819282874","https:\/\/www.instagram.com\/aj.anossavoz\/"]}]}},"_links":{"self":[{"href":"https:\/\/ajanossavoz.pt\/index.php\/wp-json\/wp\/v2\/pages\/146","targetHints":{"allow":["GET"]}}],"collection":[{"href":"https:\/\/ajanossavoz.pt\/index.php\/wp-json\/wp\/v2\/pages"}],"about":[{"href":"https:\/\/ajanossavoz.pt\/index.php\/wp-json\/wp\/v2\/types\/page"}],"author":[{"embeddable":true,"href":"https:\/\/ajanossavoz.pt\/index.php\/wp-json\/wp\/v2\/users\/1"}],"replies":[{"embeddable":true,"href":"https:\/\/ajanossavoz.pt\/index.php\/wp-json\/wp\/v2\/comments?post=146"}],"version-history":[{"count":13,"href":"https:\/\/ajanossavoz.pt\/index.php\/wp-json\/wp\/v2\/pages\/146\/revisions"}],"predecessor-version":[{"id":552,"href":"https:\/\/ajanossavoz.pt\/index.php\/wp-json\/wp\/v2\/pages\/146\/revisions\/552"}],"wp:attachment":[{"href":"https:\/\/ajanossavoz.pt\/index.php\/wp-json\/wp\/v2\/media?parent=146"}],"curies":[{"name":"wp","href":"https:\/\/api.w.org\/{rel}","templated":true}]}}