{"id":152,"date":"2024-01-07T22:14:28","date_gmt":"2024-01-07T22:14:28","guid":{"rendered":"https:\/\/ajanossavoz.pt\/?page_id=152"},"modified":"2025-09-05T10:34:39","modified_gmt":"2025-09-05T10:34:39","slug":"projetos","status":"publish","type":"page","link":"https:\/\/ajanossavoz.pt\/index.php\/projetos\/","title":{"rendered":"O QUE FAZEMOS"},"content":{"rendered":"\n<div class=\"wp-block-cover alignwide is-light\" style=\"min-height:519px;aspect-ratio:unset;\"><img fetchpriority=\"high\" decoding=\"async\" width=\"1920\" height=\"1080\" class=\"wp-block-cover__image-background wp-image-545\" alt=\"\" src=\"https:\/\/ajanossavoz.pt\/wp-content\/uploads\/2024\/09\/Beige-Brown-Vintage-Professional-Photography-Portfolio-Presentation.jpg\" style=\"object-position:50% 27%\" data-object-fit=\"cover\" data-object-position=\"50% 27%\" srcset=\"https:\/\/ajanossavoz.pt\/wp-content\/uploads\/2024\/09\/Beige-Brown-Vintage-Professional-Photography-Portfolio-Presentation.jpg 1920w, https:\/\/ajanossavoz.pt\/wp-content\/uploads\/2024\/09\/Beige-Brown-Vintage-Professional-Photography-Portfolio-Presentation-300x169.jpg 300w, https:\/\/ajanossavoz.pt\/wp-content\/uploads\/2024\/09\/Beige-Brown-Vintage-Professional-Photography-Portfolio-Presentation-1024x576.jpg 1024w, https:\/\/ajanossavoz.pt\/wp-content\/uploads\/2024\/09\/Beige-Brown-Vintage-Professional-Photography-Portfolio-Presentation-768x432.jpg 768w, https:\/\/ajanossavoz.pt\/wp-content\/uploads\/2024\/09\/Beige-Brown-Vintage-Professional-Photography-Portfolio-Presentation-1536x864.jpg 1536w, https:\/\/ajanossavoz.pt\/wp-content\/uploads\/2024\/09\/Beige-Brown-Vintage-Professional-Photography-Portfolio-Presentation-540x303.jpg 540w\" sizes=\"(max-width: 1920px) 100vw, 1920px\" \/><span aria-hidden=\"true\" class=\"wp-block-cover__background has-background-dim\" style=\"background-color:#9c8f8d\"><\/span><div class=\"wp-block-cover__inner-container is-layout-constrained wp-block-cover-is-layout-constrained\">\n<p class=\"has-text-align-center has-white-color has-text-color has-link-color has-large-font-size wp-elements-74532f01bfd606780489c255b6f62685\"><strong>O QUE FAZEMOS<\/strong><\/p>\n<\/div><\/div>\n\n\n\n<p><\/p>\n\n\n\n<div class=\"wp-block-group alignfull is-layout-grid wp-container-core-group-is-layout-6be84c55 wp-block-group-is-layout-grid\">\n<figure class=\"wp-block-image size-full\"><a href=\"https:\/\/ajanossavoz.pt\/index.php\/lixo-no-oceano\/\"><img decoding=\"async\" width=\"800\" height=\"800\" src=\"https:\/\/ajanossavoz.pt\/wp-content\/uploads\/2024\/11\/Sem-nome-800-x-800-px.png\" alt=\"\" class=\"wp-image-662\" srcset=\"https:\/\/ajanossavoz.pt\/wp-content\/uploads\/2024\/11\/Sem-nome-800-x-800-px.png 800w, https:\/\/ajanossavoz.pt\/wp-content\/uploads\/2024\/11\/Sem-nome-800-x-800-px-300x300.png 300w, https:\/\/ajanossavoz.pt\/wp-content\/uploads\/2024\/11\/Sem-nome-800-x-800-px-150x150.png 150w, https:\/\/ajanossavoz.pt\/wp-content\/uploads\/2024\/11\/Sem-nome-800-x-800-px-768x768.png 768w\" sizes=\"(max-width: 800px) 100vw, 800px\" \/><\/a><figcaption class=\"wp-element-caption\">Lixo no Oceano<\/figcaption><\/figure>\n\n\n\n<figure class=\"wp-block-image size-full\"><a href=\"https:\/\/ajanossavoz.pt\/index.php\/adota-a-tua-caixa\/\"><img decoding=\"async\" width=\"800\" height=\"800\" src=\"https:\/\/ajanossavoz.pt\/wp-content\/uploads\/2025\/08\/Sem-nome-800-x-800-px.png\" alt=\"\" class=\"wp-image-785\" srcset=\"https:\/\/ajanossavoz.pt\/wp-content\/uploads\/2025\/08\/Sem-nome-800-x-800-px.png 800w, https:\/\/ajanossavoz.pt\/wp-content\/uploads\/2025\/08\/Sem-nome-800-x-800-px-300x300.png 300w, https:\/\/ajanossavoz.pt\/wp-content\/uploads\/2025\/08\/Sem-nome-800-x-800-px-150x150.png 150w, https:\/\/ajanossavoz.pt\/wp-content\/uploads\/2025\/08\/Sem-nome-800-x-800-px-768x768.png 768w\" sizes=\"(max-width: 800px) 100vw, 800px\" \/><\/a><figcaption class=\"wp-element-caption\">Adota a Tua Caixa &#8211; Diz n\u00e3o ao desperd\u00edcio alimentar<\/figcaption><\/figure>\n\n\n\n<figure class=\"wp-block-image size-full\"><a href=\"https:\/\/ajanossavoz.pt\/index.php\/desfruta-o-doce-que-salva\/\"><img loading=\"lazy\" decoding=\"async\" width=\"800\" height=\"800\" src=\"https:\/\/ajanossavoz.pt\/wp-content\/uploads\/2025\/09\/Sem-nome-800-x-800-px-1.png\" alt=\"\" class=\"wp-image-814\" srcset=\"https:\/\/ajanossavoz.pt\/wp-content\/uploads\/2025\/09\/Sem-nome-800-x-800-px-1.png 800w, https:\/\/ajanossavoz.pt\/wp-content\/uploads\/2025\/09\/Sem-nome-800-x-800-px-1-300x300.png 300w, https:\/\/ajanossavoz.pt\/wp-content\/uploads\/2025\/09\/Sem-nome-800-x-800-px-1-150x150.png 150w, https:\/\/ajanossavoz.pt\/wp-content\/uploads\/2025\/09\/Sem-nome-800-x-800-px-1-768x768.png 768w\" sizes=\"(max-width: 800px) 100vw, 800px\" \/><\/a><figcaption class=\"wp-element-caption\">DesFruta<\/figcaption><\/figure>\n<\/div>\n\n\n\n<div class=\"wp-block-group alignfull is-layout-grid wp-container-core-group-is-layout-6be84c55 wp-block-group-is-layout-grid\">\n<figure class=\"wp-block-image size-large is-style-default\"><img loading=\"lazy\" decoding=\"async\" width=\"1024\" height=\"1024\" src=\"https:\/\/ajanossavoz.pt\/wp-content\/uploads\/2024\/09\/6-1024x1024.png\" alt=\"\" class=\"wp-image-572\" srcset=\"https:\/\/ajanossavoz.pt\/wp-content\/uploads\/2024\/09\/6-1024x1024.png 1024w, https:\/\/ajanossavoz.pt\/wp-content\/uploads\/2024\/09\/6-300x300.png 300w, https:\/\/ajanossavoz.pt\/wp-content\/uploads\/2024\/09\/6-150x150.png 150w, https:\/\/ajanossavoz.pt\/wp-content\/uploads\/2024\/09\/6-768x768.png 768w, https:\/\/ajanossavoz.pt\/wp-content\/uploads\/2024\/09\/6.png 1080w\" sizes=\"(max-width: 1024px) 100vw, 1024px\" \/><figcaption class=\"wp-element-caption\">Direitos Humanos<\/figcaption><\/figure>\n\n\n\n<figure class=\"wp-block-image size-large is-style-default wp-duotone-unset-1\"><a href=\"https:\/\/ajanossavoz.pt\/index.php\/objetivos-de-desenvolvimento-sustentavel-ods\/\"><img loading=\"lazy\" decoding=\"async\" width=\"1024\" height=\"1024\" src=\"https:\/\/ajanossavoz.pt\/wp-content\/uploads\/2024\/09\/5-1024x1024.png\" alt=\"\" class=\"wp-image-570\" srcset=\"https:\/\/ajanossavoz.pt\/wp-content\/uploads\/2024\/09\/5-1024x1024.png 1024w, https:\/\/ajanossavoz.pt\/wp-content\/uploads\/2024\/09\/5-300x300.png 300w, https:\/\/ajanossavoz.pt\/wp-content\/uploads\/2024\/09\/5-150x150.png 150w, https:\/\/ajanossavoz.pt\/wp-content\/uploads\/2024\/09\/5-768x768.png 768w, https:\/\/ajanossavoz.pt\/wp-content\/uploads\/2024\/09\/5.png 1080w\" sizes=\"(max-width: 1024px) 100vw, 1024px\" \/><\/a><figcaption class=\"wp-element-caption\">ODS<\/figcaption><\/figure>\n\n\n\n<figure class=\"wp-block-image size-large\"><img loading=\"lazy\" decoding=\"async\" width=\"1024\" height=\"1024\" src=\"https:\/\/ajanossavoz.pt\/wp-content\/uploads\/2024\/09\/7-1024x1024.png\" alt=\"\" class=\"wp-image-571\" srcset=\"https:\/\/ajanossavoz.pt\/wp-content\/uploads\/2024\/09\/7-1024x1024.png 1024w, https:\/\/ajanossavoz.pt\/wp-content\/uploads\/2024\/09\/7-300x300.png 300w, https:\/\/ajanossavoz.pt\/wp-content\/uploads\/2024\/09\/7-150x150.png 150w, https:\/\/ajanossavoz.pt\/wp-content\/uploads\/2024\/09\/7-768x768.png 768w, https:\/\/ajanossavoz.pt\/wp-content\/uploads\/2024\/09\/7.png 1080w\" sizes=\"(max-width: 1024px) 100vw, 1024px\" \/><figcaption class=\"wp-element-caption\">Youth Goals<\/figcaption><\/figure>\n<\/div>\n\n\n\n<div class=\"wp-block-group alignfull is-layout-grid wp-container-core-group-is-layout-6be84c55 wp-block-group-is-layout-grid\">\n<figure class=\"wp-block-image size-large is-style-default\"><a href=\"https:\/\/ajanossavoz.pt\/index.php\/projetos\/clube-de-saude\/\"><img loading=\"lazy\" decoding=\"async\" width=\"1024\" height=\"1024\" src=\"https:\/\/ajanossavoz.pt\/wp-content\/uploads\/2024\/01\/Design-sem-nome-5-3-1024x1024.png\" alt=\"\" class=\"wp-image-239\" srcset=\"https:\/\/ajanossavoz.pt\/wp-content\/uploads\/2024\/01\/Design-sem-nome-5-3-1024x1024.png 1024w, https:\/\/ajanossavoz.pt\/wp-content\/uploads\/2024\/01\/Design-sem-nome-5-3-300x300.png 300w, https:\/\/ajanossavoz.pt\/wp-content\/uploads\/2024\/01\/Design-sem-nome-5-3-150x150.png 150w, https:\/\/ajanossavoz.pt\/wp-content\/uploads\/2024\/01\/Design-sem-nome-5-3-768x768.png 768w, https:\/\/ajanossavoz.pt\/wp-content\/uploads\/2024\/01\/Design-sem-nome-5-3.png 1080w\" sizes=\"(max-width: 1024px) 100vw, 1024px\" \/><\/a><figcaption class=\"wp-element-caption\">Clube de Sa\u00fade<\/figcaption><\/figure>\n\n\n\n<figure class=\"wp-block-image size-large is-style-default wp-duotone-unset-2\"><a href=\"https:\/\/ajanossavoz.pt\/index.php\/saude-mental-jovens-informacao-bem-estar\/\"><img loading=\"lazy\" decoding=\"async\" width=\"1024\" height=\"1024\" src=\"https:\/\/ajanossavoz.pt\/wp-content\/uploads\/2024\/09\/IMG-20240629-WA0012-1024x1024.jpg\" alt=\"\" class=\"wp-image-577\" srcset=\"https:\/\/ajanossavoz.pt\/wp-content\/uploads\/2024\/09\/IMG-20240629-WA0012-1024x1024.jpg 1024w, https:\/\/ajanossavoz.pt\/wp-content\/uploads\/2024\/09\/IMG-20240629-WA0012-300x300.jpg 300w, https:\/\/ajanossavoz.pt\/wp-content\/uploads\/2024\/09\/IMG-20240629-WA0012-150x150.jpg 150w, https:\/\/ajanossavoz.pt\/wp-content\/uploads\/2024\/09\/IMG-20240629-WA0012-768x768.jpg 768w, https:\/\/ajanossavoz.pt\/wp-content\/uploads\/2024\/09\/IMG-20240629-WA0012.jpg 1080w\" sizes=\"(max-width: 1024px) 100vw, 1024px\" \/><\/a><figcaption class=\"wp-element-caption\">Sa\u00fade Mental<\/figcaption><\/figure>\n\n\n\n<figure class=\"wp-block-image size-large\"><a href=\"https:\/\/ajanossavoz.pt\/index.php\/informacao-que-cuida-sexualidade-para-todos\/\"><img loading=\"lazy\" decoding=\"async\" width=\"1024\" height=\"1024\" src=\"https:\/\/ajanossavoz.pt\/wp-content\/uploads\/2024\/09\/IMG_20240702_163223_678-1024x1024.webp\" alt=\"\" class=\"wp-image-576\" srcset=\"https:\/\/ajanossavoz.pt\/wp-content\/uploads\/2024\/09\/IMG_20240702_163223_678-1024x1024.webp 1024w, https:\/\/ajanossavoz.pt\/wp-content\/uploads\/2024\/09\/IMG_20240702_163223_678-300x300.webp 300w, https:\/\/ajanossavoz.pt\/wp-content\/uploads\/2024\/09\/IMG_20240702_163223_678-150x150.webp 150w, https:\/\/ajanossavoz.pt\/wp-content\/uploads\/2024\/09\/IMG_20240702_163223_678-768x768.webp 768w, https:\/\/ajanossavoz.pt\/wp-content\/uploads\/2024\/09\/IMG_20240702_163223_678.webp 1080w\" sizes=\"(max-width: 1024px) 100vw, 1024px\" \/><\/a><figcaption class=\"wp-element-caption\">Sexualidade para Todos<\/figcaption><\/figure>\n<\/div>\n\n\n\n<div class=\"wp-block-group alignfull is-layout-grid wp-container-core-group-is-layout-6be84c55 wp-block-group-is-layout-grid\">\n<figure class=\"wp-block-image size-large is-style-default\"><a href=\"https:\/\/ajanossavoz.pt\/index.php\/informacao-que-cuida-saude-da-mulher\/\"><img loading=\"lazy\" decoding=\"async\" width=\"1024\" height=\"1024\" src=\"https:\/\/ajanossavoz.pt\/wp-content\/uploads\/2024\/09\/IMG_20240702_211053_528-1024x1024.webp\" alt=\"\" class=\"wp-image-575\" srcset=\"https:\/\/ajanossavoz.pt\/wp-content\/uploads\/2024\/09\/IMG_20240702_211053_528-1024x1024.webp 1024w, https:\/\/ajanossavoz.pt\/wp-content\/uploads\/2024\/09\/IMG_20240702_211053_528-300x300.webp 300w, https:\/\/ajanossavoz.pt\/wp-content\/uploads\/2024\/09\/IMG_20240702_211053_528-150x150.webp 150w, https:\/\/ajanossavoz.pt\/wp-content\/uploads\/2024\/09\/IMG_20240702_211053_528-768x768.webp 768w, https:\/\/ajanossavoz.pt\/wp-content\/uploads\/2024\/09\/IMG_20240702_211053_528.webp 1080w\" sizes=\"(max-width: 1024px) 100vw, 1024px\" \/><\/a><figcaption class=\"wp-element-caption\">Sa\u00fade da Mulher<\/figcaption><\/figure>\n\n\n\n<figure class=\"wp-block-image size-large is-style-default wp-duotone-unset-3\"><a href=\"https:\/\/ajanossavoz.pt\/index.php\/informacao-que-cuida-empoderamento-da-mulher\/\"><img loading=\"lazy\" decoding=\"async\" width=\"1024\" height=\"1024\" src=\"https:\/\/ajanossavoz.pt\/wp-content\/uploads\/2024\/09\/IMG_20240701_115400_528-1024x1024.webp\" alt=\"\" class=\"wp-image-574\" srcset=\"https:\/\/ajanossavoz.pt\/wp-content\/uploads\/2024\/09\/IMG_20240701_115400_528-1024x1024.webp 1024w, https:\/\/ajanossavoz.pt\/wp-content\/uploads\/2024\/09\/IMG_20240701_115400_528-300x300.webp 300w, https:\/\/ajanossavoz.pt\/wp-content\/uploads\/2024\/09\/IMG_20240701_115400_528-150x150.webp 150w, https:\/\/ajanossavoz.pt\/wp-content\/uploads\/2024\/09\/IMG_20240701_115400_528-768x768.webp 768w, https:\/\/ajanossavoz.pt\/wp-content\/uploads\/2024\/09\/IMG_20240701_115400_528.webp 1080w\" sizes=\"(max-width: 1024px) 100vw, 1024px\" \/><\/a><figcaption class=\"wp-element-caption\">Empoderamento da Mulher<\/figcaption><\/figure>\n<\/div>\n\n\n\n<p><\/p>\n","protected":false},"excerpt":{"rendered":"","protected":false},"author":1,"featured_media":0,"parent":0,"menu_order":0,"comment_status":"closed","ping_status":"closed","template":"essential-blocks-fullwidth-template.php","meta":{"_bbp_topic_count":0,"_bbp_reply_count":0,"_bbp_total_topic_count":0,"_bbp_total_reply_count":0,"_bbp_voice_count":0,"_bbp_anonymous_reply_count":0,"_bbp_topic_count_hidden":0,"_bbp_reply_count_hidden":0,"_bbp_forum_subforum_count":0,"_editorskit_title_hidden":false,"_editorskit_reading_time":0,"_editorskit_is_block_options_detached":false,"_editorskit_block_options_position":"{}","_eb_attr":"","footnotes":""},"class_list":["post-152","page","type-page","status-publish","hentry"],"yoast_head":"<!-- This site is optimized with the Yoast SEO plugin v26.6 - https:\/\/yoast.com\/wordpress\/plugins\/seo\/ -->\n<title>O QUE FAZEMOS - Associa\u00e7\u00e3o Juvenil A Nossa Voz<\/title>\n<meta name=\"description\" content=\"A Nossa Voz desenvolve ao longo do ano projetos em diversas \u00e1reas, onde tu podes ter um papel ativo, participa!\" \/>\n<meta name=\"robots\" content=\"index, follow, max-snippet:-1, max-image-preview:large, max-video-preview:-1\" \/>\n<link rel=\"canonical\" href=\"https:\/\/ajanossavoz.pt\/index.php\/projetos\/\" \/>\n<meta property=\"og:locale\" content=\"pt_PT\" \/>\n<meta property=\"og:type\" content=\"article\" \/>\n<meta property=\"og:title\" content=\"O QUE FAZEMOS - Associa\u00e7\u00e3o Juvenil A Nossa Voz\" \/>\n<meta property=\"og:description\" content=\"A Nossa Voz desenvolve ao longo do ano projetos em diversas \u00e1reas, onde tu podes ter um papel ativo, participa!\" \/>\n<meta property=\"og:url\" content=\"https:\/\/ajanossavoz.pt\/index.php\/projetos\/\" \/>\n<meta property=\"og:site_name\" content=\"Associa\u00e7\u00e3o Juvenil A Nossa Voz\" \/>\n<meta property=\"article:publisher\" content=\"https:\/\/www.facebook.com\/profile.php?id=100089819282874\" \/>\n<meta property=\"article:modified_time\" content=\"2025-09-05T10:34:39+00:00\" \/>\n<meta property=\"og:image\" content=\"https:\/\/ajanossavoz.pt\/wp-content\/uploads\/2024\/09\/Beige-Brown-Vintage-Professional-Photography-Portfolio-Presentation.jpg\" \/>\n\t<meta property=\"og:image:width\" content=\"1920\" \/>\n\t<meta property=\"og:image:height\" content=\"1080\" \/>\n\t<meta property=\"og:image:type\" content=\"image\/jpeg\" \/>\n<meta name=\"twitter:card\" content=\"summary_large_image\" \/>\n<meta name=\"twitter:label1\" content=\"Tempo estimado de leitura\" \/>\n\t<meta name=\"twitter:data1\" content=\"3 minutos\" \/>\n<script type=\"application\/ld+json\" class=\"yoast-schema-graph\">{\"@context\":\"https:\/\/schema.org\",\"@graph\":[{\"@type\":\"WebPage\",\"@id\":\"https:\/\/ajanossavoz.pt\/index.php\/projetos\/\",\"url\":\"https:\/\/ajanossavoz.pt\/index.php\/projetos\/\",\"name\":\"O QUE FAZEMOS - Associa\u00e7\u00e3o Juvenil A Nossa Voz\",\"isPartOf\":{\"@id\":\"https:\/\/ajanossavoz.pt\/#website\"},\"primaryImageOfPage\":{\"@id\":\"https:\/\/ajanossavoz.pt\/index.php\/projetos\/#primaryimage\"},\"image\":{\"@id\":\"https:\/\/ajanossavoz.pt\/index.php\/projetos\/#primaryimage\"},\"thumbnailUrl\":\"https:\/\/ajanossavoz.pt\/wp-content\/uploads\/2024\/09\/Beige-Brown-Vintage-Professional-Photography-Portfolio-Presentation.jpg\",\"datePublished\":\"2024-01-07T22:14:28+00:00\",\"dateModified\":\"2025-09-05T10:34:39+00:00\",\"description\":\"A Nossa Voz desenvolve ao longo do ano projetos em diversas \u00e1reas, onde tu podes ter um papel ativo, participa!\",\"breadcrumb\":{\"@id\":\"https:\/\/ajanossavoz.pt\/index.php\/projetos\/#breadcrumb\"},\"inLanguage\":\"pt-PT\",\"potentialAction\":[{\"@type\":\"ReadAction\",\"target\":[\"https:\/\/ajanossavoz.pt\/index.php\/projetos\/\"]}]},{\"@type\":\"ImageObject\",\"inLanguage\":\"pt-PT\",\"@id\":\"https:\/\/ajanossavoz.pt\/index.php\/projetos\/#primaryimage\",\"url\":\"https:\/\/ajanossavoz.pt\/wp-content\/uploads\/2024\/09\/Beige-Brown-Vintage-Professional-Photography-Portfolio-Presentation.jpg\",\"contentUrl\":\"https:\/\/ajanossavoz.pt\/wp-content\/uploads\/2024\/09\/Beige-Brown-Vintage-Professional-Photography-Portfolio-Presentation.jpg\",\"width\":1920,\"height\":1080},{\"@type\":\"BreadcrumbList\",\"@id\":\"https:\/\/ajanossavoz.pt\/index.php\/projetos\/#breadcrumb\",\"itemListElement\":[{\"@type\":\"ListItem\",\"position\":1,\"name\":\"In\u00edcio\",\"item\":\"https:\/\/ajanossavoz.pt\/\"},{\"@type\":\"ListItem\",\"position\":2,\"name\":\"O QUE FAZEMOS\"}]},{\"@type\":\"WebSite\",\"@id\":\"https:\/\/ajanossavoz.pt\/#website\",\"url\":\"https:\/\/ajanossavoz.pt\/\",\"name\":\"Associa\u00e7\u00e3o Juvenil A Nossa Voz\",\"description\":\"Sobre n\u00f3s: Somos uma associa\u00e7\u00e3o juvenil, sediada na Quinta do Conde, fundada a 26 de dezembro de 2022. O nosso objetivo \u00e9 que os jovens participem na comunidade.\",\"publisher\":{\"@id\":\"https:\/\/ajanossavoz.pt\/#organization\"},\"alternateName\":\"A Nossa Voz\",\"potentialAction\":[{\"@type\":\"SearchAction\",\"target\":{\"@type\":\"EntryPoint\",\"urlTemplate\":\"https:\/\/ajanossavoz.pt\/?s={search_term_string}\"},\"query-input\":{\"@type\":\"PropertyValueSpecification\",\"valueRequired\":true,\"valueName\":\"search_term_string\"}}],\"inLanguage\":\"pt-PT\"},{\"@type\":\"Organization\",\"@id\":\"https:\/\/ajanossavoz.pt\/#organization\",\"name\":\"Associa\u00e7\u00e3o Juvenil A Nossa Voz\",\"alternateName\":\"A Nossa Voz\",\"url\":\"https:\/\/ajanossavoz.pt\/\",\"logo\":{\"@type\":\"ImageObject\",\"inLanguage\":\"pt-PT\",\"@id\":\"https:\/\/ajanossavoz.pt\/#\/schema\/logo\/image\/\",\"url\":\"https:\/\/ajanossavoz.pt\/wp-content\/uploads\/2024\/01\/cropped-A-Nossa-Voz-2-1-1.png\",\"contentUrl\":\"https:\/\/ajanossavoz.pt\/wp-content\/uploads\/2024\/01\/cropped-A-Nossa-Voz-2-1-1.png\",\"width\":499,\"height\":479,\"caption\":\"Associa\u00e7\u00e3o Juvenil A Nossa Voz\"},\"image\":{\"@id\":\"https:\/\/ajanossavoz.pt\/#\/schema\/logo\/image\/\"},\"sameAs\":[\"https:\/\/www.facebook.com\/profile.php?id=100089819282874\",\"https:\/\/www.instagram.com\/aj.anossavoz\/\"]}]}<\/script>\n<!-- \/ Yoast SEO plugin. -->","yoast_head_json":{"title":"O QUE FAZEMOS - Associa\u00e7\u00e3o Juvenil A Nossa Voz","description":"A Nossa Voz desenvolve ao longo do ano projetos em diversas \u00e1reas, onde tu podes ter um papel ativo, participa!","robots":{"index":"index","follow":"follow","max-snippet":"max-snippet:-1","max-image-preview":"max-image-preview:large","max-video-preview":"max-video-preview:-1"},"canonical":"https:\/\/ajanossavoz.pt\/index.php\/projetos\/","og_locale":"pt_PT","og_type":"article","og_title":"O QUE FAZEMOS - Associa\u00e7\u00e3o Juvenil A Nossa Voz","og_description":"A Nossa Voz desenvolve ao longo do ano projetos em diversas \u00e1reas, onde tu podes ter um papel ativo, participa!","og_url":"https:\/\/ajanossavoz.pt\/index.php\/projetos\/","og_site_name":"Associa\u00e7\u00e3o Juvenil A Nossa Voz","article_publisher":"https:\/\/www.facebook.com\/profile.php?id=100089819282874","article_modified_time":"2025-09-05T10:34:39+00:00","og_image":[{"width":1920,"height":1080,"url":"https:\/\/ajanossavoz.pt\/wp-content\/uploads\/2024\/09\/Beige-Brown-Vintage-Professional-Photography-Portfolio-Presentation.jpg","type":"image\/jpeg"}],"twitter_card":"summary_large_image","twitter_misc":{"Tempo estimado de leitura":"3 minutos"},"schema":{"@context":"https:\/\/schema.org","@graph":[{"@type":"WebPage","@id":"https:\/\/ajanossavoz.pt\/index.php\/projetos\/","url":"https:\/\/ajanossavoz.pt\/index.php\/projetos\/","name":"O QUE FAZEMOS - Associa\u00e7\u00e3o Juvenil A Nossa Voz","isPartOf":{"@id":"https:\/\/ajanossavoz.pt\/#website"},"primaryImageOfPage":{"@id":"https:\/\/ajanossavoz.pt\/index.php\/projetos\/#primaryimage"},"image":{"@id":"https:\/\/ajanossavoz.pt\/index.php\/projetos\/#primaryimage"},"thumbnailUrl":"https:\/\/ajanossavoz.pt\/wp-content\/uploads\/2024\/09\/Beige-Brown-Vintage-Professional-Photography-Portfolio-Presentation.jpg","datePublished":"2024-01-07T22:14:28+00:00","dateModified":"2025-09-05T10:34:39+00:00","description":"A Nossa Voz desenvolve ao longo do ano projetos em diversas \u00e1reas, onde tu podes ter um papel ativo, participa!","breadcrumb":{"@id":"https:\/\/ajanossavoz.pt\/index.php\/projetos\/#breadcrumb"},"inLanguage":"pt-PT","potentialAction":[{"@type":"ReadAction","target":["https:\/\/ajanossavoz.pt\/index.php\/projetos\/"]}]},{"@type":"ImageObject","inLanguage":"pt-PT","@id":"https:\/\/ajanossavoz.pt\/index.php\/projetos\/#primaryimage","url":"https:\/\/ajanossavoz.pt\/wp-content\/uploads\/2024\/09\/Beige-Brown-Vintage-Professional-Photography-Portfolio-Presentation.jpg","contentUrl":"https:\/\/ajanossavoz.pt\/wp-content\/uploads\/2024\/09\/Beige-Brown-Vintage-Professional-Photography-Portfolio-Presentation.jpg","width":1920,"height":1080},{"@type":"BreadcrumbList","@id":"https:\/\/ajanossavoz.pt\/index.php\/projetos\/#breadcrumb","itemListElement":[{"@type":"ListItem","position":1,"name":"In\u00edcio","item":"https:\/\/ajanossavoz.pt\/"},{"@type":"ListItem","position":2,"name":"O QUE FAZEMOS"}]},{"@type":"WebSite","@id":"https:\/\/ajanossavoz.pt\/#website","url":"https:\/\/ajanossavoz.pt\/","name":"Associa\u00e7\u00e3o Juvenil A Nossa Voz","description":"Sobre n\u00f3s: Somos uma associa\u00e7\u00e3o juvenil, sediada na Quinta do Conde, fundada a 26 de dezembro de 2022. O nosso objetivo \u00e9 que os jovens participem na comunidade.","publisher":{"@id":"https:\/\/ajanossavoz.pt\/#organization"},"alternateName":"A Nossa Voz","potentialAction":[{"@type":"SearchAction","target":{"@type":"EntryPoint","urlTemplate":"https:\/\/ajanossavoz.pt\/?s={search_term_string}"},"query-input":{"@type":"PropertyValueSpecification","valueRequired":true,"valueName":"search_term_string"}}],"inLanguage":"pt-PT"},{"@type":"Organization","@id":"https:\/\/ajanossavoz.pt\/#organization","name":"Associa\u00e7\u00e3o Juvenil A Nossa Voz","alternateName":"A Nossa Voz","url":"https:\/\/ajanossavoz.pt\/","logo":{"@type":"ImageObject","inLanguage":"pt-PT","@id":"https:\/\/ajanossavoz.pt\/#\/schema\/logo\/image\/","url":"https:\/\/ajanossavoz.pt\/wp-content\/uploads\/2024\/01\/cropped-A-Nossa-Voz-2-1-1.png","contentUrl":"https:\/\/ajanossavoz.pt\/wp-content\/uploads\/2024\/01\/cropped-A-Nossa-Voz-2-1-1.png","width":499,"height":479,"caption":"Associa\u00e7\u00e3o Juvenil A Nossa Voz"},"image":{"@id":"https:\/\/ajanossavoz.pt\/#\/schema\/logo\/image\/"},"sameAs":["https:\/\/www.facebook.com\/profile.php?id=100089819282874","https:\/\/www.instagram.com\/aj.anossavoz\/"]}]}},"_links":{"self":[{"href":"https:\/\/ajanossavoz.pt\/index.php\/wp-json\/wp\/v2\/pages\/152","targetHints":{"allow":["GET"]}}],"collection":[{"href":"https:\/\/ajanossavoz.pt\/index.php\/wp-json\/wp\/v2\/pages"}],"about":[{"href":"https:\/\/ajanossavoz.pt\/index.php\/wp-json\/wp\/v2\/types\/page"}],"author":[{"embeddable":true,"href":"https:\/\/ajanossavoz.pt\/index.php\/wp-json\/wp\/v2\/users\/1"}],"replies":[{"embeddable":true,"href":"https:\/\/ajanossavoz.pt\/index.php\/wp-json\/wp\/v2\/comments?post=152"}],"version-history":[{"count":18,"href":"https:\/\/ajanossavoz.pt\/index.php\/wp-json\/wp\/v2\/pages\/152\/revisions"}],"predecessor-version":[{"id":816,"href":"https:\/\/ajanossavoz.pt\/index.php\/wp-json\/wp\/v2\/pages\/152\/revisions\/816"}],"wp:attachment":[{"href":"https:\/\/ajanossavoz.pt\/index.php\/wp-json\/wp\/v2\/media?parent=152"}],"curies":[{"name":"wp","href":"https:\/\/api.w.org\/{rel}","templated":true}]}}