{"id":65,"date":"2024-01-07T18:56:42","date_gmt":"2024-01-07T18:56:42","guid":{"rendered":"https:\/\/ajanossavoz.pt\/?page_id=65"},"modified":"2024-09-25T12:43:00","modified_gmt":"2024-09-25T12:43:00","slug":"contactos","status":"publish","type":"page","link":"https:\/\/ajanossavoz.pt\/index.php\/contactos\/","title":{"rendered":"CONTACTOS"},"content":{"rendered":"\n<div class=\"wp-block-cover is-light\" style=\"min-height:330px;aspect-ratio:unset;\"><span aria-hidden=\"true\" class=\"wp-block-cover__background has-background-dim\" style=\"background-color:#FFF\"><\/span><img fetchpriority=\"high\" decoding=\"async\" width=\"1080\" height=\"1080\" class=\"wp-block-cover__image-background wp-image-617\" alt=\"\" src=\"https:\/\/ajanossavoz.pt\/wp-content\/uploads\/2024\/09\/marmore-preto-insta-post.png\" data-object-fit=\"cover\" srcset=\"https:\/\/ajanossavoz.pt\/wp-content\/uploads\/2024\/09\/marmore-preto-insta-post.png 1080w, https:\/\/ajanossavoz.pt\/wp-content\/uploads\/2024\/09\/marmore-preto-insta-post-300x300.png 300w, https:\/\/ajanossavoz.pt\/wp-content\/uploads\/2024\/09\/marmore-preto-insta-post-1024x1024.png 1024w, https:\/\/ajanossavoz.pt\/wp-content\/uploads\/2024\/09\/marmore-preto-insta-post-150x150.png 150w, https:\/\/ajanossavoz.pt\/wp-content\/uploads\/2024\/09\/marmore-preto-insta-post-768x768.png 768w\" sizes=\"(max-width: 1080px) 100vw, 1080px\" \/><div class=\"wp-block-cover__inner-container is-layout-flow wp-block-cover-is-layout-flow\">\n<p class=\"has-text-align-center has-white-color has-text-color has-link-color has-large-font-size wp-elements-7107f3a8e07d575ed400a242f9fbf687\"><strong>CONTACTOS<\/strong><\/p>\n<\/div><\/div>\n\n\n\n<div class=\"wp-block-group alignfull is-layout-grid wp-container-core-group-is-layout-6be84c55 wp-block-group-is-layout-grid\">\n<figure class=\"wp-block-image size-large is-style-default wp-container-content-2155ee95\"><img decoding=\"async\" width=\"1024\" height=\"1024\" src=\"https:\/\/ajanossavoz.pt\/wp-content\/uploads\/2024\/09\/1-1-1024x1024.png\" alt=\"\" class=\"wp-image-554\" srcset=\"https:\/\/ajanossavoz.pt\/wp-content\/uploads\/2024\/09\/1-1-1024x1024.png 1024w, https:\/\/ajanossavoz.pt\/wp-content\/uploads\/2024\/09\/1-1-300x300.png 300w, https:\/\/ajanossavoz.pt\/wp-content\/uploads\/2024\/09\/1-1-150x150.png 150w, https:\/\/ajanossavoz.pt\/wp-content\/uploads\/2024\/09\/1-1-768x768.png 768w, https:\/\/ajanossavoz.pt\/wp-content\/uploads\/2024\/09\/1-1.png 1080w\" sizes=\"(max-width: 1024px) 100vw, 1024px\" \/><\/figure>\n\n\n\n<figure class=\"wp-block-image size-large\"><img decoding=\"async\" width=\"1024\" height=\"1024\" src=\"https:\/\/ajanossavoz.pt\/wp-content\/uploads\/2024\/09\/2-1024x1024.png\" alt=\"\" class=\"wp-image-555\" srcset=\"https:\/\/ajanossavoz.pt\/wp-content\/uploads\/2024\/09\/2-1024x1024.png 1024w, https:\/\/ajanossavoz.pt\/wp-content\/uploads\/2024\/09\/2-300x300.png 300w, https:\/\/ajanossavoz.pt\/wp-content\/uploads\/2024\/09\/2-150x150.png 150w, https:\/\/ajanossavoz.pt\/wp-content\/uploads\/2024\/09\/2-768x768.png 768w, https:\/\/ajanossavoz.pt\/wp-content\/uploads\/2024\/09\/2.png 1080w\" sizes=\"(max-width: 1024px) 100vw, 1024px\" \/><\/figure>\n\n\n\n<figure class=\"wp-block-image size-large\"><img loading=\"lazy\" decoding=\"async\" width=\"1024\" height=\"1024\" src=\"https:\/\/ajanossavoz.pt\/wp-content\/uploads\/2024\/09\/3-1024x1024.png\" alt=\"\" class=\"wp-image-556\" srcset=\"https:\/\/ajanossavoz.pt\/wp-content\/uploads\/2024\/09\/3-1024x1024.png 1024w, https:\/\/ajanossavoz.pt\/wp-content\/uploads\/2024\/09\/3-300x300.png 300w, https:\/\/ajanossavoz.pt\/wp-content\/uploads\/2024\/09\/3-150x150.png 150w, https:\/\/ajanossavoz.pt\/wp-content\/uploads\/2024\/09\/3-768x768.png 768w, https:\/\/ajanossavoz.pt\/wp-content\/uploads\/2024\/09\/3.png 1080w\" sizes=\"(max-width: 1024px) 100vw, 1024px\" \/><\/figure>\n<\/div>\n\n\n\n<div class=\"wp-block-group alignfull is-layout-grid wp-container-core-group-is-layout-6be84c55 wp-block-group-is-layout-grid\">\n<p class=\"has-text-align-center\">Rua Jos\u00e9 Relvas, Lote 640, 2975-325 Quinta do Conde<\/p>\n\n\n\n<p class=\"has-text-align-center wp-container-content-2155ee95\">aj.anossavoz@gmail.com<\/p>\n\n\n\n<p class=\"has-text-align-center\">(+351) 928 122 191 (custo de chamada para a rede m\u00f3vel nacional)<\/p>\n<\/div>\n\n\n\n<div><iframe src=\"https:\/\/maps.google.com\/maps?q=Associa%C3%A7%C3%A3o+Juvenil+A+Nossa+Voz&amp;z=16&amp;t=k&amp;output=embed\" style=\"border:0;height:285px;width:100%\"><\/iframe><\/div>\n","protected":false},"excerpt":{"rendered":"<p>Rua Jos\u00e9 Relvas, Lote 640, 2975-325 Quinta do Conde aj.anossavoz@gmail.com (+351) 928 122 191 (custo de chamada para a rede m\u00f3vel nacional)<\/p>\n","protected":false},"author":1,"featured_media":0,"parent":0,"menu_order":0,"comment_status":"closed","ping_status":"closed","template":"essential-blocks-fullwidth-template.php","meta":{"_bbp_topic_count":0,"_bbp_reply_count":0,"_bbp_total_topic_count":0,"_bbp_total_reply_count":0,"_bbp_voice_count":0,"_bbp_anonymous_reply_count":0,"_bbp_topic_count_hidden":0,"_bbp_reply_count_hidden":0,"_bbp_forum_subforum_count":0,"_editorskit_title_hidden":false,"_editorskit_reading_time":0,"_editorskit_is_block_options_detached":false,"_editorskit_block_options_position":"{}","_eb_attr":"","footnotes":""},"class_list":["post-65","page","type-page","status-publish","hentry"],"yoast_head":"<!-- This site is optimized with the Yoast SEO plugin v26.6 - https:\/\/yoast.com\/wordpress\/plugins\/seo\/ -->\n<title>CONTACTOS - Associa\u00e7\u00e3o Juvenil A Nossa Voz<\/title>\n<meta name=\"description\" content=\"Contacto-nos diretamente atrav\u00e9s do formul\u00e1rio aqui apresentado, ou envie um email.\" \/>\n<meta name=\"robots\" content=\"index, follow, max-snippet:-1, max-image-preview:large, max-video-preview:-1\" \/>\n<link rel=\"canonical\" href=\"https:\/\/ajanossavoz.pt\/index.php\/contactos\/\" \/>\n<meta property=\"og:locale\" content=\"pt_PT\" \/>\n<meta property=\"og:type\" content=\"article\" \/>\n<meta property=\"og:title\" content=\"CONTACTOS - Associa\u00e7\u00e3o Juvenil A Nossa Voz\" \/>\n<meta property=\"og:description\" content=\"Contacto-nos diretamente atrav\u00e9s do formul\u00e1rio aqui apresentado, ou envie um email.\" \/>\n<meta property=\"og:url\" content=\"https:\/\/ajanossavoz.pt\/index.php\/contactos\/\" \/>\n<meta property=\"og:site_name\" content=\"Associa\u00e7\u00e3o Juvenil A Nossa Voz\" \/>\n<meta property=\"article:publisher\" content=\"https:\/\/www.facebook.com\/profile.php?id=100089819282874\" \/>\n<meta property=\"article:modified_time\" content=\"2024-09-25T12:43:00+00:00\" \/>\n<meta property=\"og:image\" content=\"https:\/\/ajanossavoz.pt\/wp-content\/uploads\/2024\/09\/marmore-preto-insta-post.png\" \/>\n<meta name=\"twitter:card\" content=\"summary_large_image\" \/>\n<meta name=\"twitter:label1\" content=\"Tempo estimado de leitura\" \/>\n\t<meta name=\"twitter:data1\" content=\"1 minuto\" \/>\n<script type=\"application\/ld+json\" class=\"yoast-schema-graph\">{\"@context\":\"https:\/\/schema.org\",\"@graph\":[{\"@type\":\"WebPage\",\"@id\":\"https:\/\/ajanossavoz.pt\/index.php\/contactos\/\",\"url\":\"https:\/\/ajanossavoz.pt\/index.php\/contactos\/\",\"name\":\"CONTACTOS - Associa\u00e7\u00e3o Juvenil A Nossa Voz\",\"isPartOf\":{\"@id\":\"https:\/\/ajanossavoz.pt\/#website\"},\"primaryImageOfPage\":{\"@id\":\"https:\/\/ajanossavoz.pt\/index.php\/contactos\/#primaryimage\"},\"image\":{\"@id\":\"https:\/\/ajanossavoz.pt\/index.php\/contactos\/#primaryimage\"},\"thumbnailUrl\":\"https:\/\/ajanossavoz.pt\/wp-content\/uploads\/2024\/09\/marmore-preto-insta-post.png\",\"datePublished\":\"2024-01-07T18:56:42+00:00\",\"dateModified\":\"2024-09-25T12:43:00+00:00\",\"description\":\"Contacto-nos diretamente atrav\u00e9s do formul\u00e1rio aqui apresentado, ou envie um email.\",\"breadcrumb\":{\"@id\":\"https:\/\/ajanossavoz.pt\/index.php\/contactos\/#breadcrumb\"},\"inLanguage\":\"pt-PT\",\"potentialAction\":[{\"@type\":\"ReadAction\",\"target\":[\"https:\/\/ajanossavoz.pt\/index.php\/contactos\/\"]}]},{\"@type\":\"ImageObject\",\"inLanguage\":\"pt-PT\",\"@id\":\"https:\/\/ajanossavoz.pt\/index.php\/contactos\/#primaryimage\",\"url\":\"https:\/\/ajanossavoz.pt\/wp-content\/uploads\/2024\/09\/marmore-preto-insta-post.png\",\"contentUrl\":\"https:\/\/ajanossavoz.pt\/wp-content\/uploads\/2024\/09\/marmore-preto-insta-post.png\",\"width\":1080,\"height\":1080},{\"@type\":\"BreadcrumbList\",\"@id\":\"https:\/\/ajanossavoz.pt\/index.php\/contactos\/#breadcrumb\",\"itemListElement\":[{\"@type\":\"ListItem\",\"position\":1,\"name\":\"In\u00edcio\",\"item\":\"https:\/\/ajanossavoz.pt\/\"},{\"@type\":\"ListItem\",\"position\":2,\"name\":\"CONTACTOS\"}]},{\"@type\":\"WebSite\",\"@id\":\"https:\/\/ajanossavoz.pt\/#website\",\"url\":\"https:\/\/ajanossavoz.pt\/\",\"name\":\"Associa\u00e7\u00e3o Juvenil A Nossa Voz\",\"description\":\"Sobre n\u00f3s: Somos uma associa\u00e7\u00e3o juvenil, sediada na Quinta do Conde, fundada a 26 de dezembro de 2022. O nosso objetivo \u00e9 que os jovens participem na comunidade.\",\"publisher\":{\"@id\":\"https:\/\/ajanossavoz.pt\/#organization\"},\"alternateName\":\"A Nossa Voz\",\"potentialAction\":[{\"@type\":\"SearchAction\",\"target\":{\"@type\":\"EntryPoint\",\"urlTemplate\":\"https:\/\/ajanossavoz.pt\/?s={search_term_string}\"},\"query-input\":{\"@type\":\"PropertyValueSpecification\",\"valueRequired\":true,\"valueName\":\"search_term_string\"}}],\"inLanguage\":\"pt-PT\"},{\"@type\":\"Organization\",\"@id\":\"https:\/\/ajanossavoz.pt\/#organization\",\"name\":\"Associa\u00e7\u00e3o Juvenil A Nossa Voz\",\"alternateName\":\"A Nossa Voz\",\"url\":\"https:\/\/ajanossavoz.pt\/\",\"logo\":{\"@type\":\"ImageObject\",\"inLanguage\":\"pt-PT\",\"@id\":\"https:\/\/ajanossavoz.pt\/#\/schema\/logo\/image\/\",\"url\":\"https:\/\/ajanossavoz.pt\/wp-content\/uploads\/2024\/01\/cropped-A-Nossa-Voz-2-1-1.png\",\"contentUrl\":\"https:\/\/ajanossavoz.pt\/wp-content\/uploads\/2024\/01\/cropped-A-Nossa-Voz-2-1-1.png\",\"width\":499,\"height\":479,\"caption\":\"Associa\u00e7\u00e3o Juvenil A Nossa Voz\"},\"image\":{\"@id\":\"https:\/\/ajanossavoz.pt\/#\/schema\/logo\/image\/\"},\"sameAs\":[\"https:\/\/www.facebook.com\/profile.php?id=100089819282874\",\"https:\/\/www.instagram.com\/aj.anossavoz\/\"]}]}<\/script>\n<!-- \/ Yoast SEO plugin. -->","yoast_head_json":{"title":"CONTACTOS - Associa\u00e7\u00e3o Juvenil A Nossa Voz","description":"Contacto-nos diretamente atrav\u00e9s do formul\u00e1rio aqui apresentado, ou envie um email.","robots":{"index":"index","follow":"follow","max-snippet":"max-snippet:-1","max-image-preview":"max-image-preview:large","max-video-preview":"max-video-preview:-1"},"canonical":"https:\/\/ajanossavoz.pt\/index.php\/contactos\/","og_locale":"pt_PT","og_type":"article","og_title":"CONTACTOS - Associa\u00e7\u00e3o Juvenil A Nossa Voz","og_description":"Contacto-nos diretamente atrav\u00e9s do formul\u00e1rio aqui apresentado, ou envie um email.","og_url":"https:\/\/ajanossavoz.pt\/index.php\/contactos\/","og_site_name":"Associa\u00e7\u00e3o Juvenil A Nossa Voz","article_publisher":"https:\/\/www.facebook.com\/profile.php?id=100089819282874","article_modified_time":"2024-09-25T12:43:00+00:00","og_image":[{"url":"https:\/\/ajanossavoz.pt\/wp-content\/uploads\/2024\/09\/marmore-preto-insta-post.png","type":"","width":"","height":""}],"twitter_card":"summary_large_image","twitter_misc":{"Tempo estimado de leitura":"1 minuto"},"schema":{"@context":"https:\/\/schema.org","@graph":[{"@type":"WebPage","@id":"https:\/\/ajanossavoz.pt\/index.php\/contactos\/","url":"https:\/\/ajanossavoz.pt\/index.php\/contactos\/","name":"CONTACTOS - Associa\u00e7\u00e3o Juvenil A Nossa Voz","isPartOf":{"@id":"https:\/\/ajanossavoz.pt\/#website"},"primaryImageOfPage":{"@id":"https:\/\/ajanossavoz.pt\/index.php\/contactos\/#primaryimage"},"image":{"@id":"https:\/\/ajanossavoz.pt\/index.php\/contactos\/#primaryimage"},"thumbnailUrl":"https:\/\/ajanossavoz.pt\/wp-content\/uploads\/2024\/09\/marmore-preto-insta-post.png","datePublished":"2024-01-07T18:56:42+00:00","dateModified":"2024-09-25T12:43:00+00:00","description":"Contacto-nos diretamente atrav\u00e9s do formul\u00e1rio aqui apresentado, ou envie um email.","breadcrumb":{"@id":"https:\/\/ajanossavoz.pt\/index.php\/contactos\/#breadcrumb"},"inLanguage":"pt-PT","potentialAction":[{"@type":"ReadAction","target":["https:\/\/ajanossavoz.pt\/index.php\/contactos\/"]}]},{"@type":"ImageObject","inLanguage":"pt-PT","@id":"https:\/\/ajanossavoz.pt\/index.php\/contactos\/#primaryimage","url":"https:\/\/ajanossavoz.pt\/wp-content\/uploads\/2024\/09\/marmore-preto-insta-post.png","contentUrl":"https:\/\/ajanossavoz.pt\/wp-content\/uploads\/2024\/09\/marmore-preto-insta-post.png","width":1080,"height":1080},{"@type":"BreadcrumbList","@id":"https:\/\/ajanossavoz.pt\/index.php\/contactos\/#breadcrumb","itemListElement":[{"@type":"ListItem","position":1,"name":"In\u00edcio","item":"https:\/\/ajanossavoz.pt\/"},{"@type":"ListItem","position":2,"name":"CONTACTOS"}]},{"@type":"WebSite","@id":"https:\/\/ajanossavoz.pt\/#website","url":"https:\/\/ajanossavoz.pt\/","name":"Associa\u00e7\u00e3o Juvenil A Nossa Voz","description":"Sobre n\u00f3s: Somos uma associa\u00e7\u00e3o juvenil, sediada na Quinta do Conde, fundada a 26 de dezembro de 2022. O nosso objetivo \u00e9 que os jovens participem na comunidade.","publisher":{"@id":"https:\/\/ajanossavoz.pt\/#organization"},"alternateName":"A Nossa Voz","potentialAction":[{"@type":"SearchAction","target":{"@type":"EntryPoint","urlTemplate":"https:\/\/ajanossavoz.pt\/?s={search_term_string}"},"query-input":{"@type":"PropertyValueSpecification","valueRequired":true,"valueName":"search_term_string"}}],"inLanguage":"pt-PT"},{"@type":"Organization","@id":"https:\/\/ajanossavoz.pt\/#organization","name":"Associa\u00e7\u00e3o Juvenil A Nossa Voz","alternateName":"A Nossa Voz","url":"https:\/\/ajanossavoz.pt\/","logo":{"@type":"ImageObject","inLanguage":"pt-PT","@id":"https:\/\/ajanossavoz.pt\/#\/schema\/logo\/image\/","url":"https:\/\/ajanossavoz.pt\/wp-content\/uploads\/2024\/01\/cropped-A-Nossa-Voz-2-1-1.png","contentUrl":"https:\/\/ajanossavoz.pt\/wp-content\/uploads\/2024\/01\/cropped-A-Nossa-Voz-2-1-1.png","width":499,"height":479,"caption":"Associa\u00e7\u00e3o Juvenil A Nossa Voz"},"image":{"@id":"https:\/\/ajanossavoz.pt\/#\/schema\/logo\/image\/"},"sameAs":["https:\/\/www.facebook.com\/profile.php?id=100089819282874","https:\/\/www.instagram.com\/aj.anossavoz\/"]}]}},"_links":{"self":[{"href":"https:\/\/ajanossavoz.pt\/index.php\/wp-json\/wp\/v2\/pages\/65","targetHints":{"allow":["GET"]}}],"collection":[{"href":"https:\/\/ajanossavoz.pt\/index.php\/wp-json\/wp\/v2\/pages"}],"about":[{"href":"https:\/\/ajanossavoz.pt\/index.php\/wp-json\/wp\/v2\/types\/page"}],"author":[{"embeddable":true,"href":"https:\/\/ajanossavoz.pt\/index.php\/wp-json\/wp\/v2\/users\/1"}],"replies":[{"embeddable":true,"href":"https:\/\/ajanossavoz.pt\/index.php\/wp-json\/wp\/v2\/comments?post=65"}],"version-history":[{"count":29,"href":"https:\/\/ajanossavoz.pt\/index.php\/wp-json\/wp\/v2\/pages\/65\/revisions"}],"predecessor-version":[{"id":619,"href":"https:\/\/ajanossavoz.pt\/index.php\/wp-json\/wp\/v2\/pages\/65\/revisions\/619"}],"wp:attachment":[{"href":"https:\/\/ajanossavoz.pt\/index.php\/wp-json\/wp\/v2\/media?parent=65"}],"curies":[{"name":"wp","href":"https:\/\/api.w.org\/{rel}","templated":true}]}}